{"id":1858,"date":"2023-03-14T13:25:04","date_gmt":"2023-03-14T13:25:04","guid":{"rendered":"https:\/\/persianaspercasa.es\/accesibilidade\/"},"modified":"2023-04-17T09:55:25","modified_gmt":"2023-04-17T09:55:25","slug":"accesibilidade","status":"publish","type":"page","link":"https:\/\/persianaspercasa.es\/gl\/accesibilidade\/","title":{"rendered":"Accesibilidade"},"content":{"rendered":"\t\t<div data-elementor-type=\"wp-page\" data-elementor-id=\"1858\" class=\"elementor elementor-1858 elementor-1232\" data-elementor-post-type=\"page\">\n\t\t\t\t<div class=\"elementor-element elementor-element-6a1d833 e-flex e-con-boxed e-con e-parent\" data-id=\"6a1d833\" data-element_type=\"container\">\n\t\t\t\t\t<div class=\"e-con-inner\">\n\t\t\t\t<div class=\"elementor-element elementor-element-5be5f6b elementor-widget elementor-widget-heading\" data-id=\"5be5f6b\" data-element_type=\"widget\" data-widget_type=\"heading.default\">\n\t\t\t\t<div class=\"elementor-widget-container\">\n\t\t\t<style>\/*! elementor - v3.21.0 - 25-04-2024 *\/\n.elementor-heading-title{padding:0;margin:0;line-height:1}.elementor-widget-heading .elementor-heading-title[class*=elementor-size-]>a{color:inherit;font-size:inherit;line-height:inherit}.elementor-widget-heading .elementor-heading-title.elementor-size-small{font-size:15px}.elementor-widget-heading .elementor-heading-title.elementor-size-medium{font-size:19px}.elementor-widget-heading .elementor-heading-title.elementor-size-large{font-size:29px}.elementor-widget-heading .elementor-heading-title.elementor-size-xl{font-size:39px}.elementor-widget-heading .elementor-heading-title.elementor-size-xxl{font-size:59px}<\/style><h2 class=\"elementor-heading-title elementor-size-default\">DECLARACI\u00d3N DE ACCESIBILIDADE<\/h2>\t\t<\/div>\n\t\t\t\t<\/div>\n\t\t\t\t\t<\/div>\n\t\t\t\t<\/div>\n\t\t<div class=\"elementor-element elementor-element-b15d45e e-flex e-con-boxed e-con e-parent\" data-id=\"b15d45e\" data-element_type=\"container\">\n\t\t\t\t\t<div class=\"e-con-inner\">\n\t\t\t\t<div class=\"elementor-element elementor-element-213bab3 elementor-widget elementor-widget-heading\" data-id=\"213bab3\" data-element_type=\"widget\" data-widget_type=\"heading.default\">\n\t\t\t\t<div class=\"elementor-widget-container\">\n\t\t\t<h2 class=\"elementor-heading-title elementor-size-default\">Estado de conformidade <\/h2>\t\t<\/div>\n\t\t\t\t<\/div>\n\t\t\t\t<div class=\"elementor-element elementor-element-d44f316 elementor-widget elementor-widget-text-editor\" data-id=\"d44f316\" data-element_type=\"widget\" data-widget_type=\"text-editor.default\">\n\t\t\t\t<div class=\"elementor-widget-container\">\n\t\t\t<style>\/*! elementor - v3.21.0 - 25-04-2024 *\/\n.elementor-widget-text-editor.elementor-drop-cap-view-stacked .elementor-drop-cap{background-color:#69727d;color:#fff}.elementor-widget-text-editor.elementor-drop-cap-view-framed .elementor-drop-cap{color:#69727d;border:3px solid;background-color:transparent}.elementor-widget-text-editor:not(.elementor-drop-cap-view-default) .elementor-drop-cap{margin-top:8px}.elementor-widget-text-editor:not(.elementor-drop-cap-view-default) .elementor-drop-cap-letter{width:1em;height:1em}.elementor-widget-text-editor .elementor-drop-cap{float:left;text-align:center;line-height:1;font-size:50px}.elementor-widget-text-editor .elementor-drop-cap-letter{display:inline-block}<\/style>\t\t\t\t<p><strong>P&nbsp;ercasa<\/strong> comprometeuse a facer accesible o seu sitio web de acordo co&nbsp; <strong>real decreto<\/strong>&nbsp; 1112\/2018, do 7 de setembro, de accesibilidade de sitios web e aplicaci\u00f3ns para dispositivos m\u00f3biles no sector p\u00fablico.<\/p>\n<p>Este sitio web aplica os requisitos do&nbsp; Norma UNE-EN 301549:2019, considerando as excepci\u00f3ns do RD 1112\/2018.<\/p>\n<p>O sitio web est\u00e1 dese\u00f1ado para a visualizaci\u00f3n Responsive, que se mostra de forma \u00f3ptima en tabletas e dispositivos m\u00f3biles. Nestes dispositivos est\u00e1 optimizado para a s\u00faa visualizaci\u00f3n nas \u00faltimas versi\u00f3ns actuais de \u201cChrome para m\u00f3bil\u201d, \u201cFirefox para m\u00f3bil\u201d, \u201cSafari m\u00f3bil\u201d, \u201cOpera Mini\u201d e navegador nativo de Android.<\/p>\n<p>A \u00faltima revisi\u00f3n de accesibilidade levouse a cabo en marzo de 2023.<\/p>\n<p>Esta declaraci\u00f3n de accesibilidade apl\u00edcase ao sitio web xestionado por <strong>Percasa<\/strong> <strong>&nbsp;.<\/strong><\/p>\n<p>P\u00e1xina web de <strong>Percasa<\/strong>&nbsp; \u00e9&nbsp; <strong>parcialmente conforme<\/strong>&nbsp; co RD 1112\/2018 polas excepci\u00f3ns e a falta de conformidade dos aspectos que se indican a continuaci\u00f3n.<\/p>\t\t\t\t\t\t<\/div>\n\t\t\t\t<\/div>\n\t\t\t\t<div class=\"elementor-element elementor-element-9b8b79d elementor-widget elementor-widget-heading\" data-id=\"9b8b79d\" data-element_type=\"widget\" data-widget_type=\"heading.default\">\n\t\t\t\t<div class=\"elementor-widget-container\">\n\t\t\t<h2 class=\"elementor-heading-title elementor-size-default\">Contido non accesible <\/h2>\t\t<\/div>\n\t\t\t\t<\/div>\n\t\t\t\t<div class=\"elementor-element elementor-element-24fafff elementor-widget elementor-widget-text-editor\" data-id=\"24fafff\" data-element_type=\"widget\" data-widget_type=\"text-editor.default\">\n\t\t\t\t<div class=\"elementor-widget-container\">\n\t\t\t\t\t\t\t<p>Incumprimento do RD 1112\/2018<\/p>\n<p>Non se pode acceder ao contido que se indica a continuaci\u00f3n debido ao seguinte (todos eles son cuesti\u00f3ns en revisi\u00f3n que se mellorar\u00e1n nas sucesivas versi\u00f3ns dos portais):<\/p>\n<ul>\n<li>Alg\u00fans formularios non te\u00f1en os elementos asociados correctamente, pero ser\u00e1 revisado.<\/li>\n<li>Nalgunhas p\u00e1xinas hai problemas na orde de lectura e de tabulaci\u00f3n<\/li>\n<\/ul>\n\t\t\t\t\t\t<\/div>\n\t\t\t\t<\/div>\n\t\t\t\t<div class=\"elementor-element elementor-element-052dd4c elementor-widget elementor-widget-heading\" data-id=\"052dd4c\" data-element_type=\"widget\" data-widget_type=\"heading.default\">\n\t\t\t\t<div class=\"elementor-widget-container\">\n\t\t\t<h2 class=\"elementor-heading-title elementor-size-default\">Elaboraci\u00f3n desta declaraci\u00f3n de accesibilidade <\/h2>\t\t<\/div>\n\t\t\t\t<\/div>\n\t\t\t\t<div class=\"elementor-element elementor-element-fc9a198 elementor-widget elementor-widget-text-editor\" data-id=\"fc9a198\" data-element_type=\"widget\" data-widget_type=\"text-editor.default\">\n\t\t\t\t<div class=\"elementor-widget-container\">\n\t\t\t\t\t\t\t<p>Esta declaraci\u00f3n foi elaborada o 15 de marzo de 2023.<\/p>\n<p>O m\u00e9todo utilizado para elaborar a declaraci\u00f3n foi unha autoliquidaci\u00f3n realizada pola propia empresa.<\/p>\n<p>\u00daltima revisi\u00f3n da declaraci\u00f3n: 15 de marzo de 2023.<\/p>\n\t\t\t\t\t\t<\/div>\n\t\t\t\t<\/div>\n\t\t\t\t<div class=\"elementor-element elementor-element-c44c0b8 elementor-widget elementor-widget-heading\" data-id=\"c44c0b8\" data-element_type=\"widget\" data-widget_type=\"heading.default\">\n\t\t\t\t<div class=\"elementor-widget-container\">\n\t\t\t<h2 class=\"elementor-heading-title elementor-size-default\">Observaci\u00f3ns e informaci\u00f3n de contacto <\/h2>\t\t<\/div>\n\t\t\t\t<\/div>\n\t\t\t\t<div class=\"elementor-element elementor-element-dfc5133 elementor-widget elementor-widget-text-editor\" data-id=\"dfc5133\" data-element_type=\"widget\" data-widget_type=\"text-editor.default\">\n\t\t\t\t<div class=\"elementor-widget-container\">\n\t\t\t\t\t\t\t<p>Poder\u00e1n realizar comunicaci\u00f3ns sobre requisitos de accesibilidade (artigo 10.2.a) do RD 1112\/2018) como:<\/p>\n<ul>\n<li>Informar de calquera posible incumprimento deste sitio web.<\/li>\n<li>Transmitir outras dificultades de acceso ao contido.<\/li>\n<li>Formular calquera outra consulta ou suxesti\u00f3n de mellora relacionada coa accesibilidade da web a trav\u00e9s do correo electr\u00f3nico <strong>percasa_@hotmail.com<\/strong> ou chamando ao tel\u00e9fono <strong>986 700 355.<\/strong><\/li>\n<\/ul>\n<p>Podes presentar:<\/p>\n<ul>\n<li>Reclamaci\u00f3n polo cumprimento dos requisitos do RD 1112\/2018.<\/li>\n<li>Solicitude de informaci\u00f3n accesible sobre:\n<ol>\n<li>Contidos que quedan exclu\u00eddos do \u00e1mbito de aplicaci\u00f3n do <em><strong>RD 1112\/2018<\/strong><\/em> segundo o establecido no artigo 3, apartado 4.<\/li>\n<li>Contido que est\u00e1 exento do cumprimento dos requisitos de accesibilidade por impo\u00f1er unha carga desproporcionada.<\/li>\n<\/ol>\n<\/li>\n<\/ul>\n<p>Na solicitude de informaci\u00f3n accesible deber\u00e1n especificarse claramente os feitos, motivos e solicitude que permiten comprobar que se trata dunha solicitude razoable e lex\u00edtima.<\/p>\n<p>As comunicaci\u00f3ns, queixas e solicitudes de informaci\u00f3n accesible ser\u00e1n recibidas e tramitadas polo INCIBE a trav\u00e9s do <a title=\"Formulario de contacto\" href=\"https:\/\/persianaspercasa.es\/gl\/contacto\/\" rel=\"noopener\">Formulario de Contacto (Asunto: &#8220;Accesibilidade da web&#8221;)<\/a> . Se, unha vez formulada a solicitude de informaci\u00f3n accesible ou reclamaci\u00f3n, esta fose desestimada, non se acordase a resoluci\u00f3n ou a resposta non re\u00fana os requisitos establecidos no artigo 12.5, o interesado poder\u00e1 incoar reclamaci\u00f3n.<\/p>\n<p>As\u00ed mesmo, poder\u00e1 incoarse reclamaci\u00f3n no caso de que transcorrese o prazo de vinte d\u00edas h\u00e1biles sen ter obtido resposta. A reclamaci\u00f3n pode presentarse a trav\u00e9s da Instancia xen\u00e9rica da sede electr\u00f3nica do Ministerio de Asuntos Econ\u00f3micos e Transformaci\u00f3n Dixital, as\u00ed como no resto de opci\u00f3ns recollidas na Lei 39\/2015, do 1 de outubro, do Procedemento Administrativo Com\u00fan das Administraci\u00f3ns. P\u00fablico. As reclamaci\u00f3ns ser\u00e1n recibidas e tramitadas polo Departamento de Inspecci\u00f3n de Servizos do Ministerio.<\/p>\n\t\t\t\t\t\t<\/div>\n\t\t\t\t<\/div>\n\t\t\t\t<div class=\"elementor-element elementor-element-f349aa4 elementor-widget elementor-widget-heading\" data-id=\"f349aa4\" data-element_type=\"widget\" data-widget_type=\"heading.default\">\n\t\t\t\t<div class=\"elementor-widget-container\">\n\t\t\t<h2 class=\"elementor-heading-title elementor-size-default\">Contido opcional <\/h2>\t\t<\/div>\n\t\t\t\t<\/div>\n\t\t\t\t<div class=\"elementor-element elementor-element-225e75a elementor-widget elementor-widget-text-editor\" data-id=\"225e75a\" data-element_type=\"widget\" data-widget_type=\"text-editor.default\">\n\t\t\t\t<div class=\"elementor-widget-container\">\n\t\t\t\t\t\t\t<p>O sitio web:<\/p>\n<ul>\n<li>Dese\u00f1ouse adapt\u00e1ndose \u00e1s normas e normativas vixentes en materia de accesibilidade, cumprindo os puntos de verificaci\u00f3n de prioridade 2 (AA) definidos na especificaci\u00f3n das Directrices de Accesibilidade de Contidos Web (WCAG 2.1).<\/li>\n<li>Est\u00e1 optimizado para as \u00faltimas versi\u00f3ns actuais de Chrome, Edge, Firefox, Safari e Opera.<\/li>\n<li>Est\u00e1 dese\u00f1ado para a visualizaci\u00f3n correcta en calquera resoluci\u00f3n e escritorio, tableta ou dispositivo m\u00f3bil (dese\u00f1o <em>responsive<\/em> ).<\/li>\n<li>Realizouse usando HTML5 como linguaxe de marcado e follas de estilo CSS para o seu dese\u00f1o.<\/li>\n<\/ul>\n<p>Ademais, real\u00edzase un traballo continuo de auditor\u00eda e revisi\u00f3n de contidos para facilitar a s\u00faa interpretaci\u00f3n e mellorar a navegaci\u00f3n polo portal web.<\/p>\n\t\t\t\t\t\t<\/div>\n\t\t\t\t<\/div>\n\t\t\t\t\t<\/div>\n\t\t\t\t<\/div>\n\t\t\t\t<\/div>\n\t\t","protected":false},"excerpt":{"rendered":"<p>DECLARACI\u00d3N DE ACCESIBILIDADE Estado de conformidade P&nbsp;ercasa comprometeuse a facer accesible o seu sitio web de acordo co&nbsp; real decreto&nbsp; 1112\/2018, do 7 de setembro, de accesibilidade de sitios web e aplicaci\u00f3ns para dispositivos m\u00f3biles no sector p\u00fablico. Este sitio web aplica os requisitos do&nbsp; Norma UNE-EN 301549:2019, considerando as excepci\u00f3ns do RD 1112\/2018. O [&hellip;]<\/p>\n","protected":false},"author":1,"featured_media":0,"parent":0,"menu_order":0,"comment_status":"closed","ping_status":"closed","template":"","meta":{"site-sidebar-layout":"no-sidebar","site-content-layout":"page-builder","ast-site-content-layout":"","site-content-style":"default","site-sidebar-style":"default","ast-global-header-display":"","ast-banner-title-visibility":"","ast-main-header-display":"","ast-hfb-above-header-display":"","ast-hfb-below-header-display":"","ast-hfb-mobile-header-display":"","site-post-title":"disabled","ast-breadcrumbs-content":"","ast-featured-img":"disabled","footer-sml-layout":"","theme-transparent-header-meta":"","adv-header-id-meta":"","stick-header-meta":"","header-above-stick-meta":"","header-main-stick-meta":"","header-below-stick-meta":"","astra-migrate-meta-layouts":"default","ast-page-background-enabled":"default","ast-page-background-meta":{"desktop":{"background-color":"var(--ast-global-color-4)","background-image":"","background-repeat":"repeat","background-position":"center center","background-size":"auto","background-attachment":"scroll","background-type":"","background-media":"","overlay-type":"","overlay-color":"","overlay-gradient":""},"tablet":{"background-color":"","background-image":"","background-repeat":"repeat","background-position":"center center","background-size":"auto","background-attachment":"scroll","background-type":"","background-media":"","overlay-type":"","overlay-color":"","overlay-gradient":""},"mobile":{"background-color":"","background-image":"","background-repeat":"repeat","background-position":"center center","background-size":"auto","background-attachment":"scroll","background-type":"","background-media":"","overlay-type":"","overlay-color":"","overlay-gradient":""}},"ast-content-background-meta":{"desktop":{"background-color":"var(--ast-global-color-5)","background-image":"","background-repeat":"repeat","background-position":"center center","background-size":"auto","background-attachment":"scroll","background-type":"","background-media":"","overlay-type":"","overlay-color":"","overlay-gradient":""},"tablet":{"background-color":"var(--ast-global-color-5)","background-image":"","background-repeat":"repeat","background-position":"center center","background-size":"auto","background-attachment":"scroll","background-type":"","background-media":"","overlay-type":"","overlay-color":"","overlay-gradient":""},"mobile":{"background-color":"var(--ast-global-color-5)","background-image":"","background-repeat":"repeat","background-position":"center center","background-size":"auto","background-attachment":"scroll","background-type":"","background-media":"","overlay-type":"","overlay-color":"","overlay-gradient":""}},"footnotes":""},"_links":{"self":[{"href":"https:\/\/persianaspercasa.es\/gl\/wp-json\/wp\/v2\/pages\/1858"}],"collection":[{"href":"https:\/\/persianaspercasa.es\/gl\/wp-json\/wp\/v2\/pages"}],"about":[{"href":"https:\/\/persianaspercasa.es\/gl\/wp-json\/wp\/v2\/types\/page"}],"author":[{"embeddable":true,"href":"https:\/\/persianaspercasa.es\/gl\/wp-json\/wp\/v2\/users\/1"}],"replies":[{"embeddable":true,"href":"https:\/\/persianaspercasa.es\/gl\/wp-json\/wp\/v2\/comments?post=1858"}],"version-history":[{"count":0,"href":"https:\/\/persianaspercasa.es\/gl\/wp-json\/wp\/v2\/pages\/1858\/revisions"}],"wp:attachment":[{"href":"https:\/\/persianaspercasa.es\/gl\/wp-json\/wp\/v2\/media?parent=1858"}],"curies":[{"name":"wp","href":"https:\/\/api.w.org\/{rel}","templated":true}]}}